{"id":286,"date":"2024-02-27T16:33:53","date_gmt":"2024-02-27T15:33:53","guid":{"rendered":"https:\/\/www.elec-mazingarbe.fr\/?page_id=286"},"modified":"2024-02-28T14:33:47","modified_gmt":"2024-02-28T13:33:47","slug":"eco-responsabilite","status":"publish","type":"page","link":"https:\/\/www.elec-mazingarbe.fr\/index.php\/eco-responsabilite\/","title":{"rendered":"Eco-responsabilit\u00e9"},"content":{"rendered":"\t\t<div data-elementor-type=\"wp-post\" data-elementor-id=\"286\" class=\"elementor elementor-286\" data-elementor-post-type=\"page\">\n\t\t\t\t\t\t\t<div class=\"elementor-element elementor-element-f2af1ab e-flex e-con-boxed e-con e-parent\" data-id=\"f2af1ab\" data-element_type=\"container\" data-settings=\"{&quot;content_width&quot;:&quot;boxed&quot;}\" data-core-v316-plus=\"true\">\n\t\t\t\t\t<div class=\"e-con-inner\">\n\t\t<div class=\"elementor-element elementor-element-2728f86 e-con-full e-flex e-con e-child\" data-id=\"2728f86\" data-element_type=\"container\" data-settings=\"{&quot;content_width&quot;:&quot;full&quot;}\">\n\t\t\t\t<div class=\"elementor-element elementor-element-85af9e7 elementor-widget elementor-widget-text-editor\" data-id=\"85af9e7\" data-element_type=\"widget\" data-widget_type=\"text-editor.default\">\n\t\t\t\t<div class=\"elementor-widget-container\">\n\t\t\t<style>\/*! elementor - v3.16.0 - 09-10-2023 *\/\n.elementor-widget-text-editor.elementor-drop-cap-view-stacked .elementor-drop-cap{background-color:#69727d;color:#fff}.elementor-widget-text-editor.elementor-drop-cap-view-framed .elementor-drop-cap{color:#69727d;border:3px solid;background-color:transparent}.elementor-widget-text-editor:not(.elementor-drop-cap-view-default) .elementor-drop-cap{margin-top:8px}.elementor-widget-text-editor:not(.elementor-drop-cap-view-default) .elementor-drop-cap-letter{width:1em;height:1em}.elementor-widget-text-editor .elementor-drop-cap{float:left;text-align:center;line-height:1;font-size:50px}.elementor-widget-text-editor .elementor-drop-cap-letter{display:inline-block}<\/style>\t\t\t\t<p><span style=\"font-weight: 400;\">Chez ELEC MAZINGARBE, nous croyons fermement en la responsabilit\u00e9 environnementale. En plus de fournir des solutions \u00e9lectriques innovantes et durables, nous nous engageons \u00e9galement \u00e0 r\u00e9duire notre empreinte \u00e9cologique \u00e0 chaque \u00e9tape de notre travail. C&#8217;est pourquoi nous avons int\u00e9gr\u00e9 des pratiques de tri et de valorisation des d\u00e9chets dans nos op\u00e9rations quotidiennes. Nous mettons un point d&#8217;honneur \u00e0 trier minutieusement les mat\u00e9riaux recyclables et \u00e0 les acheminer vers les centres de recyclage appropri\u00e9s. De plus, lorsque cela est possible, nous favorisons la r\u00e9utilisation des mat\u00e9riaux afin de minimiser notre impact sur l&#8217;environnement. En adoptant ces pratiques durables, nous contribuons activement \u00e0 la pr\u00e9servation de notre plan\u00e8te pour les g\u00e9n\u00e9rations futures.<\/span><\/p><p><span style=\"font-weight: 400;\">En tant qu&#8217;entreprise socialement responsable, nous nous engageons \u00e0 contribuer positivement \u00e0 la communaut\u00e9 et \u00e0 l&#8217;environnement. Nous favorisons la diversit\u00e9 et l&#8217;inclusion au sein de notre \u00e9quipe, et nous soutenons des initiatives locales visant \u00e0 promouvoir l&#8217;\u00e9ducation, la sant\u00e9 et le bien-\u00eatre. De plus, nous nous effor\u00e7ons de r\u00e9duire notre empreinte carbone en adoptant des pratiques \u00e9co-responsables dans toutes nos activit\u00e9s.<\/span><\/p>\t\t\t\t\t\t<\/div>\n\t\t\t\t<\/div>\n\t\t\t\t<\/div>\n\t\t<div class=\"elementor-element elementor-element-274c5fe e-con-full e-flex e-con e-child\" data-id=\"274c5fe\" data-element_type=\"container\" data-settings=\"{&quot;content_width&quot;:&quot;full&quot;}\">\n\t\t\t\t<div class=\"elementor-element elementor-element-9718a66 elementor-widget elementor-widget-image\" data-id=\"9718a66\" data-element_type=\"widget\" data-widget_type=\"image.default\">\n\t\t\t\t<div class=\"elementor-widget-container\">\n\t\t\t<style>\/*! elementor - v3.16.0 - 09-10-2023 *\/\n.elementor-widget-image{text-align:center}.elementor-widget-image a{display:inline-block}.elementor-widget-image a img[src$=\".svg\"]{width:48px}.elementor-widget-image img{vertical-align:middle;display:inline-block}<\/style>\t\t\t\t\t\t\t\t\t\t\t\t<img loading=\"lazy\" decoding=\"async\" width=\"512\" height=\"512\" src=\"https:\/\/www.elec-mazingarbe.fr\/wp-content\/uploads\/2023\/10\/74d115ef-72c3-4eed-bc5e-0f8deb79ddec.webp\" class=\"attachment-large size-large wp-image-138\" alt=\"\" srcset=\"https:\/\/www.elec-mazingarbe.fr\/wp-content\/uploads\/2023\/10\/74d115ef-72c3-4eed-bc5e-0f8deb79ddec.webp 512w, https:\/\/www.elec-mazingarbe.fr\/wp-content\/uploads\/2023\/10\/74d115ef-72c3-4eed-bc5e-0f8deb79ddec-300x300.webp 300w, https:\/\/www.elec-mazingarbe.fr\/wp-content\/uploads\/2023\/10\/74d115ef-72c3-4eed-bc5e-0f8deb79ddec-150x150.webp 150w\" sizes=\"auto, (max-width: 512px) 100vw, 512px\" \/>\t\t\t\t\t\t\t\t\t\t\t\t\t\t\t<\/div>\n\t\t\t\t<\/div>\n\t\t\t\t<\/div>\n\t\t\t\t\t<\/div>\n\t\t\t\t<\/div>\n\t\t\t\t\t\t\t<\/div>\n\t\t","protected":false},"excerpt":{"rendered":"<p>Chez ELEC MAZINGARBE, nous croyons fermement en la responsabilit\u00e9 environnementale. En plus de fournir des solutions \u00e9lectriques innovantes et durables, nous nous engageons \u00e9galement \u00e0 r\u00e9duire notre empreinte \u00e9cologique \u00e0 chaque \u00e9tape de notre travail. C&#8217;est pourquoi nous avons int\u00e9gr\u00e9 des pratiques de tri et de valorisation des d\u00e9chets dans nos op\u00e9rations quotidiennes. Nous mettons [&hellip;]<\/p>\n","protected":false},"author":1,"featured_media":0,"parent":0,"menu_order":0,"comment_status":"closed","ping_status":"closed","template":"","meta":{"footnotes":""},"class_list":["post-286","page","type-page","status-publish","hentry","entry"],"_links":{"self":[{"href":"https:\/\/www.elec-mazingarbe.fr\/index.php\/wp-json\/wp\/v2\/pages\/286","targetHints":{"allow":["GET"]}}],"collection":[{"href":"https:\/\/www.elec-mazingarbe.fr\/index.php\/wp-json\/wp\/v2\/pages"}],"about":[{"href":"https:\/\/www.elec-mazingarbe.fr\/index.php\/wp-json\/wp\/v2\/types\/page"}],"author":[{"embeddable":true,"href":"https:\/\/www.elec-mazingarbe.fr\/index.php\/wp-json\/wp\/v2\/users\/1"}],"replies":[{"embeddable":true,"href":"https:\/\/www.elec-mazingarbe.fr\/index.php\/wp-json\/wp\/v2\/comments?post=286"}],"version-history":[{"count":20,"href":"https:\/\/www.elec-mazingarbe.fr\/index.php\/wp-json\/wp\/v2\/pages\/286\/revisions"}],"predecessor-version":[{"id":543,"href":"https:\/\/www.elec-mazingarbe.fr\/index.php\/wp-json\/wp\/v2\/pages\/286\/revisions\/543"}],"wp:attachment":[{"href":"https:\/\/www.elec-mazingarbe.fr\/index.php\/wp-json\/wp\/v2\/media?parent=286"}],"curies":[{"name":"wp","href":"https:\/\/api.w.org\/{rel}","templated":true}]}}