{"id":292,"date":"2024-02-27T16:34:58","date_gmt":"2024-02-27T15:34:58","guid":{"rendered":"https:\/\/www.elec-mazingarbe.fr\/?page_id=292"},"modified":"2024-02-28T14:36:37","modified_gmt":"2024-02-28T13:36:37","slug":"a-propos","status":"publish","type":"page","link":"https:\/\/www.elec-mazingarbe.fr\/index.php\/a-propos\/","title":{"rendered":"A propos"},"content":{"rendered":"\t\t<div data-elementor-type=\"wp-post\" data-elementor-id=\"292\" class=\"elementor elementor-292\" data-elementor-post-type=\"page\">\n\t\t\t\t\t\t\t<section class=\"elementor-element elementor-element-7c3cf7e e-flex e-con-boxed e-con e-parent\" data-id=\"7c3cf7e\" data-element_type=\"container\" data-settings=\"{&quot;content_width&quot;:&quot;boxed&quot;}\" data-core-v316-plus=\"true\">\n\t\t\t\t\t<div class=\"e-con-inner\">\n\t\t\t\t<div class=\"elementor-element elementor-element-8af5d03 elementor-widget elementor-widget-text-editor\" data-id=\"8af5d03\" data-element_type=\"widget\" data-widget_type=\"text-editor.default\">\n\t\t\t\t<div class=\"elementor-widget-container\">\n\t\t\t<style>\/*! elementor - v3.16.0 - 09-10-2023 *\/\n.elementor-widget-text-editor.elementor-drop-cap-view-stacked .elementor-drop-cap{background-color:#69727d;color:#fff}.elementor-widget-text-editor.elementor-drop-cap-view-framed .elementor-drop-cap{color:#69727d;border:3px solid;background-color:transparent}.elementor-widget-text-editor:not(.elementor-drop-cap-view-default) .elementor-drop-cap{margin-top:8px}.elementor-widget-text-editor:not(.elementor-drop-cap-view-default) .elementor-drop-cap-letter{width:1em;height:1em}.elementor-widget-text-editor .elementor-drop-cap{float:left;text-align:center;line-height:1;font-size:50px}.elementor-widget-text-editor .elementor-drop-cap-letter{display:inline-block}<\/style>\t\t\t\t<p><span style=\"font-weight: 400;\">La soci\u00e9t\u00e9 ELEC MAZINGARBE est une S.A.S. fond\u00e9e 1988, sp\u00e9cialis\u00e9e dans l\u2019\u00e9lectricit\u00e9 g\u00e9n\u00e9rale et l\u2019\u00e9clairage public aupr\u00e8s des collectivit\u00e9s locales et des maitrises d\u2019\u0153uvre.<\/span><\/p><p><span style=\"font-weight: 400;\">La soci\u00e9t\u00e9 s\u2019appuie sur son exp\u00e9rience de pr\u00e8s de 40 ans dans l\u2019\u00e9lectricit\u00e9 et la performance \u00e9nerg\u00e9tique des \u00e9tablissements recevant du public, des b\u00e2timents tertiaires et \u00e9galement en \u00e9clairage public.<\/span><\/p><p><span style=\"font-weight: 400;\">Nous intervenons en conception, r\u00e9alisation, maintenance et gestion globale des installations.<\/span><\/p><p><span style=\"font-weight: 400;\">L\u2019entreprise r\u00e9alise un <\/span><b>CA<\/b><span style=\"font-weight: 400;\"> de pr\u00e8s de <\/span><b>1\u00a0700\u00a0000 \u20ac<\/b><span style=\"font-weight: 400;\"> dont <\/span><b>40% est r\u00e9alis\u00e9 avec les collectivit\u00e9s locales, publiques et priv\u00e9es<\/b><\/p><p><span style=\"font-weight: 400;\">La soci\u00e9t\u00e9 se situait historiquement \u00e0 Sainghin-en-M\u00e9lantois. Nous avons d\u00e9m\u00e9nag\u00e9 \u00e0 Cysoing en juin 2023, afin de b\u00e9n\u00e9ficier d\u2019une structure adapt\u00e9e \u00e0 nos activit\u00e9s en pleine croissance.<\/span><\/p>\t\t\t\t\t\t<\/div>\n\t\t\t\t<\/div>\n\t\t\t\t<div class=\"elementor-element elementor-element-e14be4f elementor-widget elementor-widget-heading\" data-id=\"e14be4f\" data-element_type=\"widget\" data-widget_type=\"heading.default\">\n\t\t\t\t<div class=\"elementor-widget-container\">\n\t\t\t<style>\/*! elementor - v3.16.0 - 09-10-2023 *\/\n.elementor-heading-title{padding:0;margin:0;line-height:1}.elementor-widget-heading .elementor-heading-title[class*=elementor-size-]>a{color:inherit;font-size:inherit;line-height:inherit}.elementor-widget-heading .elementor-heading-title.elementor-size-small{font-size:15px}.elementor-widget-heading .elementor-heading-title.elementor-size-medium{font-size:19px}.elementor-widget-heading .elementor-heading-title.elementor-size-large{font-size:29px}.elementor-widget-heading .elementor-heading-title.elementor-size-xl{font-size:39px}.elementor-widget-heading .elementor-heading-title.elementor-size-xxl{font-size:59px}<\/style><h2 class=\"elementor-heading-title elementor-size-default\">Organigramme g\u00e9n\u00e9rale de la soci\u00e9t\u00e9<\/h2>\t\t<\/div>\n\t\t\t\t<\/div>\n\t\t\t\t<div class=\"elementor-element elementor-element-f1e4ccf elementor-widget elementor-widget-image\" data-id=\"f1e4ccf\" data-element_type=\"widget\" data-widget_type=\"image.default\">\n\t\t\t\t<div class=\"elementor-widget-container\">\n\t\t\t<style>\/*! elementor - v3.16.0 - 09-10-2023 *\/\n.elementor-widget-image{text-align:center}.elementor-widget-image a{display:inline-block}.elementor-widget-image a img[src$=\".svg\"]{width:48px}.elementor-widget-image img{vertical-align:middle;display:inline-block}<\/style>\t\t\t\t\t\t\t\t\t\t\t\t<img loading=\"lazy\" decoding=\"async\" width=\"746\" height=\"645\" src=\"https:\/\/www.elec-mazingarbe.fr\/wp-content\/uploads\/2024\/02\/organigramme.png\" class=\"attachment-large size-large wp-image-490\" alt=\"\" srcset=\"https:\/\/www.elec-mazingarbe.fr\/wp-content\/uploads\/2024\/02\/organigramme.png 746w, https:\/\/www.elec-mazingarbe.fr\/wp-content\/uploads\/2024\/02\/organigramme-300x259.png 300w\" sizes=\"auto, (max-width: 746px) 100vw, 746px\" \/>\t\t\t\t\t\t\t\t\t\t\t\t\t\t\t<\/div>\n\t\t\t\t<\/div>\n\t\t\t\t<div class=\"elementor-element elementor-element-00f6155 elementor-widget elementor-widget-spacer\" data-id=\"00f6155\" data-element_type=\"widget\" data-widget_type=\"spacer.default\">\n\t\t\t\t<div class=\"elementor-widget-container\">\n\t\t\t<style>\/*! elementor - v3.16.0 - 09-10-2023 *\/\n.elementor-column .elementor-spacer-inner{height:var(--spacer-size)}.e-con{--container-widget-width:100%}.e-con-inner>.elementor-widget-spacer,.e-con>.elementor-widget-spacer{width:var(--container-widget-width,var(--spacer-size));--align-self:var(--container-widget-align-self,initial);--flex-shrink:0}.e-con-inner>.elementor-widget-spacer>.elementor-widget-container,.e-con>.elementor-widget-spacer>.elementor-widget-container{height:100%;width:100%}.e-con-inner>.elementor-widget-spacer>.elementor-widget-container>.elementor-spacer,.e-con>.elementor-widget-spacer>.elementor-widget-container>.elementor-spacer{height:100%}.e-con-inner>.elementor-widget-spacer>.elementor-widget-container>.elementor-spacer>.elementor-spacer-inner,.e-con>.elementor-widget-spacer>.elementor-widget-container>.elementor-spacer>.elementor-spacer-inner{height:var(--container-widget-height,var(--spacer-size))}.e-con-inner>.elementor-widget-spacer.elementor-widget-empty,.e-con>.elementor-widget-spacer.elementor-widget-empty{position:relative;min-height:22px;min-width:22px}.e-con-inner>.elementor-widget-spacer.elementor-widget-empty .elementor-widget-empty-icon,.e-con>.elementor-widget-spacer.elementor-widget-empty .elementor-widget-empty-icon{position:absolute;top:0;bottom:0;left:0;right:0;margin:auto;padding:0;width:22px;height:22px}<\/style>\t\t<div class=\"elementor-spacer\">\n\t\t\t<div class=\"elementor-spacer-inner\"><\/div>\n\t\t<\/div>\n\t\t\t\t<\/div>\n\t\t\t\t<\/div>\n\t\t\t\t\t<\/div>\n\t\t\t\t<\/section>\n\t\t\t\t\t\t\t<\/div>\n\t\t","protected":false},"excerpt":{"rendered":"<p>La soci\u00e9t\u00e9 ELEC MAZINGARBE est une S.A.S. fond\u00e9e 1988, sp\u00e9cialis\u00e9e dans l\u2019\u00e9lectricit\u00e9 g\u00e9n\u00e9rale et l\u2019\u00e9clairage public aupr\u00e8s des collectivit\u00e9s locales et des maitrises d\u2019\u0153uvre. La soci\u00e9t\u00e9 s\u2019appuie sur son exp\u00e9rience de pr\u00e8s de 40 ans dans l\u2019\u00e9lectricit\u00e9 et la performance \u00e9nerg\u00e9tique des \u00e9tablissements recevant du public, des b\u00e2timents tertiaires et \u00e9galement en \u00e9clairage public. Nous [&hellip;]<\/p>\n","protected":false},"author":1,"featured_media":0,"parent":0,"menu_order":0,"comment_status":"closed","ping_status":"closed","template":"","meta":{"footnotes":""},"class_list":["post-292","page","type-page","status-publish","hentry","entry"],"_links":{"self":[{"href":"https:\/\/www.elec-mazingarbe.fr\/index.php\/wp-json\/wp\/v2\/pages\/292","targetHints":{"allow":["GET"]}}],"collection":[{"href":"https:\/\/www.elec-mazingarbe.fr\/index.php\/wp-json\/wp\/v2\/pages"}],"about":[{"href":"https:\/\/www.elec-mazingarbe.fr\/index.php\/wp-json\/wp\/v2\/types\/page"}],"author":[{"embeddable":true,"href":"https:\/\/www.elec-mazingarbe.fr\/index.php\/wp-json\/wp\/v2\/users\/1"}],"replies":[{"embeddable":true,"href":"https:\/\/www.elec-mazingarbe.fr\/index.php\/wp-json\/wp\/v2\/comments?post=292"}],"version-history":[{"count":24,"href":"https:\/\/www.elec-mazingarbe.fr\/index.php\/wp-json\/wp\/v2\/pages\/292\/revisions"}],"predecessor-version":[{"id":546,"href":"https:\/\/www.elec-mazingarbe.fr\/index.php\/wp-json\/wp\/v2\/pages\/292\/revisions\/546"}],"wp:attachment":[{"href":"https:\/\/www.elec-mazingarbe.fr\/index.php\/wp-json\/wp\/v2\/media?parent=292"}],"curies":[{"name":"wp","href":"https:\/\/api.w.org\/{rel}","templated":true}]}}