{"id":552,"date":"2024-03-11T11:13:24","date_gmt":"2024-03-11T10:13:24","guid":{"rendered":"https:\/\/www.elec-mazingarbe.fr\/?page_id=552"},"modified":"2024-03-11T11:18:35","modified_gmt":"2024-03-11T10:18:35","slug":"mentions-legales","status":"publish","type":"page","link":"https:\/\/www.elec-mazingarbe.fr\/index.php\/mentions-legales\/","title":{"rendered":"Mentions l\u00e9gales"},"content":{"rendered":"\t\t<div data-elementor-type=\"wp-page\" data-elementor-id=\"552\" class=\"elementor elementor-552\" data-elementor-post-type=\"page\">\n\t\t\t\t\t\t\t<div class=\"elementor-element elementor-element-1d63a6d e-flex e-con-boxed e-con e-parent\" data-id=\"1d63a6d\" data-element_type=\"container\" data-settings=\"{&quot;content_width&quot;:&quot;boxed&quot;}\" data-core-v316-plus=\"true\">\n\t\t\t\t\t<div class=\"e-con-inner\">\n\t\t\t\t<div class=\"elementor-element elementor-element-480ac1b elementor-widget elementor-widget-text-editor\" data-id=\"480ac1b\" data-element_type=\"widget\" data-widget_type=\"text-editor.default\">\n\t\t\t\t<div class=\"elementor-widget-container\">\n\t\t\t<style>\/*! elementor - v3.16.0 - 09-10-2023 *\/\n.elementor-widget-text-editor.elementor-drop-cap-view-stacked .elementor-drop-cap{background-color:#69727d;color:#fff}.elementor-widget-text-editor.elementor-drop-cap-view-framed .elementor-drop-cap{color:#69727d;border:3px solid;background-color:transparent}.elementor-widget-text-editor:not(.elementor-drop-cap-view-default) .elementor-drop-cap{margin-top:8px}.elementor-widget-text-editor:not(.elementor-drop-cap-view-default) .elementor-drop-cap-letter{width:1em;height:1em}.elementor-widget-text-editor .elementor-drop-cap{float:left;text-align:center;line-height:1;font-size:50px}.elementor-widget-text-editor .elementor-drop-cap-letter{display:inline-block}<\/style>\t\t\t\t<p>Editeur du site<\/p><p>\u2022 D\u00e9nomination et raison sociale : ELEC MAZINGARBE<\/p><p>\u2022 Montant du capital social : 47 259,20 \u20ac<\/p><p>\u2022 Num\u00e9ro et ville du RCS : Lille Metropole B 348 061 060<\/p><p>\u2022 Nom &amp; Pr\u00e9nom du chef d&#8217;entreprise ou du dirigeant : Gatien ROQUETTE<\/p><p>\u2022 Adresse du si\u00e8ge social : 110 A RUE LUCIE ET RAYMOND AUBRAC 59830 CYSOING<\/p><p>\u2022 Num\u00e9ro de SIREN : 34806106000037<\/p><p>\u2022 Num\u00e9ro de TVA : FR17348061060<\/p><p>\u00a0<\/p><p>Pour entrer en contact facilement avec l&#8217;\u00e9diteur du site<\/p><p>\u2022 T\u00e9l\u00e9phone : 03.20.41.29.52<\/p><p>\u2022 Adresse email : contact@elec-mazingarbe.fr<\/p><p>Responsable de la r\u00e9daction<\/p><p>\u2022 Le responsable de la r\u00e9daction est M.\/Mme : Gatien ROQUETTE<\/p><p>Directeur de publication<\/p><p>\u2022 Le directeur de publication est M.\/Mme : Gatien ROQUETTE<\/p><p>\u00a0<\/p><p>H\u00e9bergeur du site<\/p><p>\u2022 Nom : SAS OVH<\/p><p>\u2022 Adresse compl\u00e8te : 2 rue Kellermann 59100 ROUBAIX<\/p><p>\u2022 Num\u00e9ro de t\u00e9l\u00e9phone : 0899 701\u00a0761<\/p><p>\u00a0<\/p>\t\t\t\t\t\t<\/div>\n\t\t\t\t<\/div>\n\t\t\t\t\t<\/div>\n\t\t\t\t<\/div>\n\t\t\t\t\t\t\t<\/div>\n\t\t","protected":false},"excerpt":{"rendered":"<p>Editeur du site \u2022 D\u00e9nomination et raison sociale : ELEC MAZINGARBE \u2022 Montant du capital social : 47 259,20 \u20ac \u2022 Num\u00e9ro et ville du RCS : Lille Metropole B 348 061 060 \u2022 Nom &amp; Pr\u00e9nom du chef d&#8217;entreprise ou du dirigeant : Gatien ROQUETTE \u2022 Adresse du si\u00e8ge social : 110 A RUE [&hellip;]<\/p>\n","protected":false},"author":1,"featured_media":0,"parent":0,"menu_order":0,"comment_status":"closed","ping_status":"closed","template":"","meta":{"footnotes":""},"class_list":["post-552","page","type-page","status-publish","hentry","entry"],"_links":{"self":[{"href":"https:\/\/www.elec-mazingarbe.fr\/index.php\/wp-json\/wp\/v2\/pages\/552","targetHints":{"allow":["GET"]}}],"collection":[{"href":"https:\/\/www.elec-mazingarbe.fr\/index.php\/wp-json\/wp\/v2\/pages"}],"about":[{"href":"https:\/\/www.elec-mazingarbe.fr\/index.php\/wp-json\/wp\/v2\/types\/page"}],"author":[{"embeddable":true,"href":"https:\/\/www.elec-mazingarbe.fr\/index.php\/wp-json\/wp\/v2\/users\/1"}],"replies":[{"embeddable":true,"href":"https:\/\/www.elec-mazingarbe.fr\/index.php\/wp-json\/wp\/v2\/comments?post=552"}],"version-history":[{"count":4,"href":"https:\/\/www.elec-mazingarbe.fr\/index.php\/wp-json\/wp\/v2\/pages\/552\/revisions"}],"predecessor-version":[{"id":556,"href":"https:\/\/www.elec-mazingarbe.fr\/index.php\/wp-json\/wp\/v2\/pages\/552\/revisions\/556"}],"wp:attachment":[{"href":"https:\/\/www.elec-mazingarbe.fr\/index.php\/wp-json\/wp\/v2\/media?parent=552"}],"curies":[{"name":"wp","href":"https:\/\/api.w.org\/{rel}","templated":true}]}}